{"id":3,"date":"2024-01-09T10:14:04","date_gmt":"2024-01-09T09:14:04","guid":{"rendered":"https:\/\/www.inwood.fi\/?page_id=3"},"modified":"2024-08-22T13:21:24","modified_gmt":"2024-08-22T10:21:24","slug":"integritetspolicy","status":"publish","type":"page","link":"https:\/\/www.inwood.fi\/sv\/integritetspolicy\/","title":{"rendered":"Integritetspolicy"},"content":{"rendered":"\t\t<div data-elementor-type=\"wp-page\" data-elementor-id=\"3\" class=\"elementor elementor-3\">\n\t\t\t\t<div class=\"elementor-element elementor-element-9ea5150 e-flex e-con-boxed e-con e-parent\" data-id=\"9ea5150\" data-element_type=\"container\" data-e-type=\"container\">\n\t\t\t\t\t<div class=\"e-con-inner\">\n\t\t\t\t<div class=\"elementor-element elementor-element-fba9a68 elementor-widget elementor-widget-button\" data-id=\"fba9a68\" data-element_type=\"widget\" data-e-type=\"widget\" data-widget_type=\"button.default\">\n\t\t\t\t<div class=\"elementor-widget-container\">\n\t\t\t\t\t\t\t\t\t<div class=\"elementor-button-wrapper\">\n\t\t\t\t\t<a class=\"elementor-button elementor-button-link elementor-size-sm\" href=\"https:\/\/www.inwood.fi\/sv\/\">\n\t\t\t\t\t\t<span class=\"elementor-button-content-wrapper\">\n\t\t\t\t\t\t<span class=\"elementor-button-icon\">\n\t\t\t\t<svg aria-hidden=\"true\" class=\"e-font-icon-svg e-fas-arrow-left\" viewBox=\"0 0 448 512\" xmlns=\"http:\/\/www.w3.org\/2000\/svg\"><path d=\"M257.5 445.1l-22.2 22.2c-9.4 9.4-24.6 9.4-33.9 0L7 273c-9.4-9.4-9.4-24.6 0-33.9L201.4 44.7c9.4-9.4 24.6-9.4 33.9 0l22.2 22.2c9.5 9.5 9.3 25-.4 34.3L136.6 216H424c13.3 0 24 10.7 24 24v32c0 13.3-10.7 24-24 24H136.6l120.5 114.8c9.8 9.3 10 24.8.4 34.3z\"><\/path><\/svg>\t\t\t<\/span>\n\t\t\t\t\t\t\t\t\t<span class=\"elementor-button-text\">Tillbaka<\/span>\n\t\t\t\t\t<\/span>\n\t\t\t\t\t<\/a>\n\t\t\t\t<\/div>\n\t\t\t\t\t\t\t\t<\/div>\n\t\t\t\t<\/div>\n\t\t\t\t<div class=\"elementor-element elementor-element-c262f34 elementor-widget elementor-widget-heading\" data-id=\"c262f34\" data-element_type=\"widget\" data-e-type=\"widget\" data-widget_type=\"heading.default\">\n\t\t\t\t<div class=\"elementor-widget-container\">\n\t\t\t\t\t<h1 class=\"elementor-heading-title elementor-size-default\">Dataskyddsbeskrivning<\/h1>\t\t\t\t<\/div>\n\t\t\t\t<\/div>\n\t\t\t\t<div class=\"elementor-element elementor-element-8448c17 elementor-widget elementor-widget-heading\" data-id=\"8448c17\" data-element_type=\"widget\" data-e-type=\"widget\" data-widget_type=\"heading.default\">\n\t\t\t\t<div class=\"elementor-widget-container\">\n\t\t\t\t\t<h2 class=\"elementor-heading-title elementor-size-default\">Registeransvarig<\/h2>\t\t\t\t<\/div>\n\t\t\t\t<\/div>\n\t\t\t\t<div class=\"elementor-element elementor-element-e22df34 elementor-widget elementor-widget-text-editor\" data-id=\"e22df34\" data-element_type=\"widget\" data-e-type=\"widget\" data-widget_type=\"text-editor.default\">\n\t\t\t\t<div class=\"elementor-widget-container\">\n\t\t\t\t\t\t\t\t\t<p>INWOOD OY<br \/>Glasbruksgatan 9<br \/>10960, Hang\u00f6<br \/>FO-Nummer: 2190765-6<br \/>E-post: info@inwood.fi<\/p>\t\t\t\t\t\t\t\t<\/div>\n\t\t\t\t<\/div>\n\t\t\t\t<div class=\"elementor-element elementor-element-ff6c1b3 elementor-widget elementor-widget-heading\" data-id=\"ff6c1b3\" data-element_type=\"widget\" data-e-type=\"widget\" data-widget_type=\"heading.default\">\n\t\t\t\t<div class=\"elementor-widget-container\">\n\t\t\t\t\t<h2 class=\"elementor-heading-title elementor-size-default\">Kontaktperson i \u00e4renden som g\u00e4ller registret<\/h2>\t\t\t\t<\/div>\n\t\t\t\t<\/div>\n\t\t\t\t<div class=\"elementor-element elementor-element-5b25648 elementor-widget elementor-widget-text-editor\" data-id=\"5b25648\" data-element_type=\"widget\" data-e-type=\"widget\" data-widget_type=\"text-editor.default\">\n\t\t\t\t<div class=\"elementor-widget-container\">\n\t\t\t\t\t\t\t\t\t<p>Tuomo Airola<br \/>Tel: 040 066 9219<br \/>E-post: tuomo.airola@inwood.fi<\/p>\t\t\t\t\t\t\t\t<\/div>\n\t\t\t\t<\/div>\n\t\t\t\t<div class=\"elementor-element elementor-element-8b24fa5 elementor-widget elementor-widget-heading\" data-id=\"8b24fa5\" data-element_type=\"widget\" data-e-type=\"widget\" data-widget_type=\"heading.default\">\n\t\t\t\t<div class=\"elementor-widget-container\">\n\t\t\t\t\t<h2 class=\"elementor-heading-title elementor-size-default\">\u00c4ndam\u00e5let med behandlingen av personuppgifter<\/h2>\t\t\t\t<\/div>\n\t\t\t\t<\/div>\n\t\t\t\t<div class=\"elementor-element elementor-element-d430400 elementor-widget elementor-widget-text-editor\" data-id=\"d430400\" data-element_type=\"widget\" data-e-type=\"widget\" data-widget_type=\"text-editor.default\">\n\t\t\t\t<div class=\"elementor-widget-container\">\n\t\t\t\t\t\t\t\t\t<p>Syftet med att behandla personuppgifter \u00e4r att kommunicera med kunder, uppr\u00e4tth\u00e5lla kundrelationer, marknadsf\u00f6ring m.m.<\/p>\t\t\t\t\t\t\t\t<\/div>\n\t\t\t\t<\/div>\n\t\t\t\t<div class=\"elementor-element elementor-element-01a706b elementor-widget elementor-widget-heading\" data-id=\"01a706b\" data-element_type=\"widget\" data-e-type=\"widget\" data-widget_type=\"heading.default\">\n\t\t\t\t<div class=\"elementor-widget-container\">\n\t\t\t\t\t<h2 class=\"elementor-heading-title elementor-size-default\">Registrets datainneh\u00e5ll<\/h2>\t\t\t\t<\/div>\n\t\t\t\t<\/div>\n\t\t\t\t<div class=\"elementor-element elementor-element-882776b elementor-widget elementor-widget-text-editor\" data-id=\"882776b\" data-element_type=\"widget\" data-e-type=\"widget\" data-widget_type=\"text-editor.default\">\n\t\t\t\t<div class=\"elementor-widget-container\">\n\t\t\t\t\t\t\t\t\t<p>F\u00f6ljande typer av personlig information kan samlas in, lagras och anv\u00e4ndas:<\/p><ul><li>persons namn<\/li><li>f\u00f6retag\/organisation<\/li><li>kontaktuppgifter (telefonnummer, e-postadress, adress)<\/li><li>IP-adress till n\u00e4tanslutningen<\/li><li>geografisk plats<\/li><li>webbl\u00e4sartyp och -version<\/li><li>operativsystem<\/li><li>information om best\u00e4llda tj\u00e4nster och deras \u00e4ndringar<\/li><li>faktureringsuppgifter<\/li><li>\u00f6vrig information relaterade till kundrelationen och best\u00e4llda tj\u00e4nster.<\/li><\/ul>\t\t\t\t\t\t\t\t<\/div>\n\t\t\t\t<\/div>\n\t\t\t\t<div class=\"elementor-element elementor-element-da3aaaa elementor-widget elementor-widget-heading\" data-id=\"da3aaaa\" data-element_type=\"widget\" data-e-type=\"widget\" data-widget_type=\"heading.default\">\n\t\t\t\t<div class=\"elementor-widget-container\">\n\t\t\t\t\t<h2 class=\"elementor-heading-title elementor-size-default\">Regelm\u00e4ssiga uppgiftsk\u00e4llor<\/h2>\t\t\t\t<\/div>\n\t\t\t\t<\/div>\n\t\t\t\t<div class=\"elementor-element elementor-element-a5116de elementor-widget elementor-widget-text-editor\" data-id=\"a5116de\" data-element_type=\"widget\" data-e-type=\"widget\" data-widget_type=\"text-editor.default\">\n\t\t\t\t<div class=\"elementor-widget-container\">\n\t\t\t\t\t\t\t\t\t<p>De uppgifter som ska sparas i registret inh\u00e4mtas fr\u00e5n kunden, t.ex. Fr\u00e5n meddelanden som skickas via webbformul\u00e4r, via e-post, telefon, via sociala medietj\u00e4nster, kontrakt, kundm\u00f6ten och andra situationer d\u00e4r kunden l\u00e4mnar ut sin information.<\/p>\t\t\t\t\t\t\t\t<\/div>\n\t\t\t\t<\/div>\n\t\t\t\t<div class=\"elementor-element elementor-element-25292eb elementor-widget elementor-widget-heading\" data-id=\"25292eb\" data-element_type=\"widget\" data-e-type=\"widget\" data-widget_type=\"heading.default\">\n\t\t\t\t<div class=\"elementor-widget-container\">\n\t\t\t\t\t<h2 class=\"elementor-heading-title elementor-size-default\">Regelm\u00e4ssigt utl\u00e4mnande av uppgifter<\/h2>\t\t\t\t<\/div>\n\t\t\t\t<\/div>\n\t\t\t\t<div class=\"elementor-element elementor-element-63e97bc elementor-widget elementor-widget-text-editor\" data-id=\"63e97bc\" data-element_type=\"widget\" data-e-type=\"widget\" data-widget_type=\"text-editor.default\">\n\t\t\t\t<div class=\"elementor-widget-container\">\n\t\t\t\t\t\t\t\t\t<p>Information l\u00e4mnas inte regelbundet ut till andra parter. Information kan publiceras i den utstr\u00e4ckning som \u00f6verenskommits med kunden.<\/p>\t\t\t\t\t\t\t\t<\/div>\n\t\t\t\t<\/div>\n\t\t\t\t<div class=\"elementor-element elementor-element-f75bb56 elementor-widget elementor-widget-heading\" data-id=\"f75bb56\" data-element_type=\"widget\" data-e-type=\"widget\" data-widget_type=\"heading.default\">\n\t\t\t\t<div class=\"elementor-widget-container\">\n\t\t\t\t\t<h2 class=\"elementor-heading-title elementor-size-default\">\u00d6vers\u00e4ndning av uppgifter utanf\u00f6r EU eller EES<\/h2>\t\t\t\t<\/div>\n\t\t\t\t<\/div>\n\t\t\t\t<div class=\"elementor-element elementor-element-52ec798 elementor-widget elementor-widget-text-editor\" data-id=\"52ec798\" data-element_type=\"widget\" data-e-type=\"widget\" data-widget_type=\"text-editor.default\">\n\t\t\t\t<div class=\"elementor-widget-container\">\n\t\t\t\t\t\t\t\t\t<p>Uppgifter kan \u00e4ven \u00f6verf\u00f6ras av den registeransvarige utanf\u00f6r EU eller EES.<\/p>\t\t\t\t\t\t\t\t<\/div>\n\t\t\t\t<\/div>\n\t\t\t\t<div class=\"elementor-element elementor-element-20bbe70 elementor-widget elementor-widget-heading\" data-id=\"20bbe70\" data-element_type=\"widget\" data-e-type=\"widget\" data-widget_type=\"heading.default\">\n\t\t\t\t<div class=\"elementor-widget-container\">\n\t\t\t\t\t<h2 class=\"elementor-heading-title elementor-size-default\">Registrets skyddsprinciper <\/h2>\t\t\t\t<\/div>\n\t\t\t\t<\/div>\n\t\t\t\t<div class=\"elementor-element elementor-element-4873367 elementor-widget elementor-widget-text-editor\" data-id=\"4873367\" data-element_type=\"widget\" data-e-type=\"widget\" data-widget_type=\"text-editor.default\">\n\t\t\t\t<div class=\"elementor-widget-container\">\n\t\t\t\t\t\t\t\t\t<p>Varsamhet iakttas vid behandling av registret och de uppgifter som behandlas med hj\u00e4lp av informationssystem \u00e4r ordentligt skyddade. N\u00e4r registerdata lagras p\u00e5 Internetservrar sk\u00f6ts den fysiska och digitala datas\u00e4kerheten f\u00f6r deras h\u00e5rdvara i enlighet d\u00e4rmed. Registraren s\u00e4kerst\u00e4ller att lagrad data samt server\u00e5tkomstr\u00e4ttigheter och annan data som \u00e4r avg\u00f6rande f\u00f6r s\u00e4kerheten f\u00f6r personuppgifter hanteras konfidentiellt och endast av de anst\u00e4llda vars arbetsbeskrivning det \u00e4r.<\/p>\t\t\t\t\t\t\t\t<\/div>\n\t\t\t\t<\/div>\n\t\t\t\t<div class=\"elementor-element elementor-element-f19b693 elementor-widget elementor-widget-heading\" data-id=\"f19b693\" data-element_type=\"widget\" data-e-type=\"widget\" data-widget_type=\"heading.default\">\n\t\t\t\t<div class=\"elementor-widget-container\">\n\t\t\t\t\t<h2 class=\"elementor-heading-title elementor-size-default\">Granskningsr\u00e4tt och r\u00e4tten att kr\u00e4va r\u00e4ttelse av uppgifter<\/h2>\t\t\t\t<\/div>\n\t\t\t\t<\/div>\n\t\t\t\t<div class=\"elementor-element elementor-element-c966d0e elementor-widget elementor-widget-text-editor\" data-id=\"c966d0e\" data-element_type=\"widget\" data-e-type=\"widget\" data-widget_type=\"text-editor.default\">\n\t\t\t\t<div class=\"elementor-widget-container\">\n\t\t\t\t\t\t\t\t\t<p>Varje person i registret har r\u00e4tt att kontrollera sina uppgifter som finns lagrade i registret och att kr\u00e4va r\u00e4ttelse av eventuella felaktiga uppgifter eller komplettering av ofullst\u00e4ndiga uppgifter. Om en person vill kontrollera de uppgifter som finns lagrade om hen eller kr\u00e4va r\u00e4ttelse ska beg\u00e4ran skickas skriftligen till den registeransvarige. Om det beh\u00f6vs kan registratorn be den som beg\u00e4r det att styrka sin identitet. Den registeransvarige svarar kunden inom den tid som anges i EU:s dataskyddsf\u00f6rordning.<\/p>\t\t\t\t\t\t\t\t<\/div>\n\t\t\t\t<\/div>\n\t\t\t\t<div class=\"elementor-element elementor-element-b5ca071 elementor-widget elementor-widget-heading\" data-id=\"b5ca071\" data-element_type=\"widget\" data-e-type=\"widget\" data-widget_type=\"heading.default\">\n\t\t\t\t<div class=\"elementor-widget-container\">\n\t\t\t\t\t<h2 class=\"elementor-heading-title elementor-size-default\">\u00d6vriga r\u00e4ttigheter med anknytning till behandling av personuppgifter <\/h2>\t\t\t\t<\/div>\n\t\t\t\t<\/div>\n\t\t\t\t<div class=\"elementor-element elementor-element-36c1389 elementor-widget elementor-widget-text-editor\" data-id=\"36c1389\" data-element_type=\"widget\" data-e-type=\"widget\" data-widget_type=\"text-editor.default\">\n\t\t\t\t<div class=\"elementor-widget-container\">\n\t\t\t\t\t\t\t\t\t<p>En person i registret har r\u00e4tt att beg\u00e4ra att personuppgifter om honom tas bort fr\u00e5n registret (\u201dr\u00e4tt att bli gl\u00f6md\u201d). De registrerade har \u00e4ven andra r\u00e4ttigheter enligt EU:s allm\u00e4nna dataskyddsf\u00f6rordning, som att begr\u00e4nsa behandlingen av personuppgifter i vissa situationer. Beg\u00e4ran ska skickas skriftligen till den registeransvarige. Om det beh\u00f6vs kan registratorn be den som beg\u00e4r det att styrka sin identitet. Den registeransvarige svarar kunden inom den tid som anges i EU:s dataskyddsf\u00f6rordning.<\/p>\t\t\t\t\t\t\t\t<\/div>\n\t\t\t\t<\/div>\n\t\t\t\t<div class=\"elementor-element elementor-element-1696ab2 elementor-widget elementor-widget-heading\" data-id=\"1696ab2\" data-element_type=\"widget\" data-e-type=\"widget\" data-widget_type=\"heading.default\">\n\t\t\t\t<div class=\"elementor-widget-container\">\n\t\t\t\t\t<h2 class=\"elementor-heading-title elementor-size-default\">Anv\u00e4ndning av kakor<\/h2>\t\t\t\t<\/div>\n\t\t\t\t<\/div>\n\t\t\t\t<div class=\"elementor-element elementor-element-763cf6a elementor-widget elementor-widget-text-editor\" data-id=\"763cf6a\" data-element_type=\"widget\" data-e-type=\"widget\" data-widget_type=\"text-editor.default\">\n\t\t\t\t<div class=\"elementor-widget-container\">\n\t\t\t\t\t\t\t\t\t<p>Kakor (eller cookies) \u00e4r sm\u00e5 textfiler som lagras av din webbl\u00e4sare. Enligt lagen kr\u00e4ver kakorna anv\u00e4ndarnas samtycke i de fall d\u00e4r kakorna kan p\u00e5verka anv\u00e4ndarnas integritet.<\/p><p>Kakor kan inte skada dina program eller din utrustning och de varken l\u00e4ser annan information fr\u00e5n din enhets h\u00e5rddisk eller sprider virus.<\/p>\t\t\t\t\t\t\t\t<\/div>\n\t\t\t\t<\/div>\n\t\t\t\t\t<\/div>\n\t\t\t\t<\/div>\n\t\t\t\t<\/div>\n\t\t","protected":false},"excerpt":{"rendered":"<p>Tillbaka Dataskyddsbeskrivning Registeransvarig INWOOD OYGlasbruksgatan 910960, Hang\u00f6FO-Nummer: 2190765-6E-post: info@inwood.fi Kontaktperson i \u00e4renden som g\u00e4ller registret Tuomo AirolaTel: 040 066 9219E-post: [&hellip;]<\/p>\n","protected":false},"author":1,"featured_media":1018,"parent":0,"menu_order":0,"comment_status":"closed","ping_status":"open","template":"","meta":{"site-sidebar-layout":"default","site-content-layout":"","ast-site-content-layout":"default","site-content-style":"default","site-sidebar-style":"default","ast-global-header-display":"disabled","ast-banner-title-visibility":"disabled","ast-main-header-display":"","ast-hfb-above-header-display":"","ast-hfb-below-header-display":"","ast-hfb-mobile-header-display":"","site-post-title":"disabled","ast-breadcrumbs-content":"","ast-featured-img":"disabled","footer-sml-layout":"disabled","ast-disable-related-posts":"","theme-transparent-header-meta":"","adv-header-id-meta":"","stick-header-meta":"","header-above-stick-meta":"","header-main-stick-meta":"","header-below-stick-meta":"","astra-migrate-meta-layouts":"default","ast-page-background-enabled":"default","ast-page-background-meta":{"desktop":{"background-color":"var(--ast-global-color-4)","background-image":"","background-repeat":"repeat","background-position":"center center","background-size":"auto","background-attachment":"scroll","background-type":"","background-media":"","overlay-type":"","overlay-color":"","overlay-opacity":"","overlay-gradient":""},"tablet":{"background-color":"","background-image":"","background-repeat":"repeat","background-position":"center center","background-size":"auto","background-attachment":"scroll","background-type":"","background-media":"","overlay-type":"","overlay-color":"","overlay-opacity":"","overlay-gradient":""},"mobile":{"background-color":"","background-image":"","background-repeat":"repeat","background-position":"center center","background-size":"auto","background-attachment":"scroll","background-type":"","background-media":"","overlay-type":"","overlay-color":"","overlay-opacity":"","overlay-gradient":""}},"ast-content-background-meta":{"desktop":{"background-color":"var(--ast-global-color-5)","background-image":"","background-repeat":"repeat","background-position":"center center","background-size":"auto","background-attachment":"scroll","background-type":"","background-media":"","overlay-type":"","overlay-color":"","overlay-opacity":"","overlay-gradient":""},"tablet":{"background-color":"var(--ast-global-color-5)","background-image":"","background-repeat":"repeat","background-position":"center center","background-size":"auto","background-attachment":"scroll","background-type":"","background-media":"","overlay-type":"","overlay-color":"","overlay-opacity":"","overlay-gradient":""},"mobile":{"background-color":"var(--ast-global-color-5)","background-image":"","background-repeat":"repeat","background-position":"center center","background-size":"auto","background-attachment":"scroll","background-type":"","background-media":"","overlay-type":"","overlay-color":"","overlay-opacity":"","overlay-gradient":""}},"footnotes":""},"class_list":["post-3","page","type-page","status-publish","has-post-thumbnail","hentry"],"_links":{"self":[{"href":"https:\/\/www.inwood.fi\/sv\/wp-json\/wp\/v2\/pages\/3","targetHints":{"allow":["GET"]}}],"collection":[{"href":"https:\/\/www.inwood.fi\/sv\/wp-json\/wp\/v2\/pages"}],"about":[{"href":"https:\/\/www.inwood.fi\/sv\/wp-json\/wp\/v2\/types\/page"}],"author":[{"embeddable":true,"href":"https:\/\/www.inwood.fi\/sv\/wp-json\/wp\/v2\/users\/1"}],"replies":[{"embeddable":true,"href":"https:\/\/www.inwood.fi\/sv\/wp-json\/wp\/v2\/comments?post=3"}],"version-history":[{"count":0,"href":"https:\/\/www.inwood.fi\/sv\/wp-json\/wp\/v2\/pages\/3\/revisions"}],"wp:featuredmedia":[{"embeddable":true,"href":"https:\/\/www.inwood.fi\/sv\/wp-json\/wp\/v2\/media\/1018"}],"wp:attachment":[{"href":"https:\/\/www.inwood.fi\/sv\/wp-json\/wp\/v2\/media?parent=3"}],"curies":[{"name":"wp","href":"https:\/\/api.w.org\/{rel}","templated":true}]}}